{"id":833,"date":"2023-06-12T18:30:48","date_gmt":"2023-06-12T18:30:48","guid":{"rendered":"https:\/\/wordpress.validthemes.net\/dilabs\/?page_id=833"},"modified":"2024-06-28T05:17:19","modified_gmt":"2024-06-28T05:17:19","slug":"contactanos","status":"publish","type":"page","link":"https:\/\/solucol.com\/index.php\/contactanos\/","title":{"rendered":"Cont\u00e1ctanos"},"content":{"rendered":"\t\t<div data-elementor-type=\"wp-page\" data-elementor-id=\"833\" class=\"elementor elementor-833\">\n\t\t\t\t\t\t<section class=\"elementor-section elementor-top-section elementor-element elementor-element-0cdbe04 elementor-section-full_width elementor-section-height-default elementor-section-height-default\" data-id=\"0cdbe04\" data-element_type=\"section\">\n\t\t\t\t\t\t<div class=\"elementor-container elementor-column-gap-no\">\n\t\t\t\t\t<div class=\"elementor-column elementor-col-100 elementor-top-column elementor-element elementor-element-e3d15a5\" data-id=\"e3d15a5\" data-element_type=\"column\">\n\t\t\t<div class=\"elementor-widget-wrap elementor-element-populated\">\n\t\t\t\t\t\t<div class=\"elementor-element elementor-element-f998c20 elementor-widget elementor-widget-dilabscontactinfo\" data-id=\"f998c20\" data-element_type=\"widget\" data-widget_type=\"dilabscontactinfo.default\">\n\t\t\t\t<div class=\"elementor-widget-container\">\n\t\t\t<div class=\"contact-area overflow-hidden default-padding\" style=\"background-image: url(https:\/\/wordpress.validthemes.net\/dilabs\/wp-content\/uploads\/2023\/06\/map.png);\"><div class=\"shape-right-bottom\"><img decoding=\"async\" src=\"https:\/\/wordpress.validthemes.net\/dilabs\/wp-content\/uploads\/2023\/06\/18.png\" alt=\"Shape\"><\/div><div class=\"container\"><div class=\"row align-center\"><div class=\"col-tact-stye-one col-lg-6\"><div class=\"contact-form-style-one\"><h4 class=\"sub-title\">\u00bfTIENES PREGUNTAS?<\/h4> <h2 class=\"title\">Env\u00edanos un mensaje<\/h2>\n<div class=\"wpcf7 no-js\" id=\"wpcf7-f609-o1\" lang=\"en-US\" dir=\"ltr\">\n<div class=\"screen-reader-response\"><p role=\"status\" aria-live=\"polite\" aria-atomic=\"true\"><\/p> <ul><\/ul><\/div>\n<form action=\"\/index.php\/wp-json\/wp\/v2\/pages\/833#wpcf7-f609-o1\" method=\"post\" class=\"wpcf7-form init\" aria-label=\"Contact form\" novalidate=\"novalidate\" data-status=\"init\">\n<div style=\"display: none;\">\n<input type=\"hidden\" name=\"_wpcf7\" value=\"609\" \/>\n<input type=\"hidden\" name=\"_wpcf7_version\" value=\"5.9.8\" \/>\n<input type=\"hidden\" name=\"_wpcf7_locale\" value=\"en_US\" \/>\n<input type=\"hidden\" name=\"_wpcf7_unit_tag\" value=\"wpcf7-f609-o1\" \/>\n<input type=\"hidden\" name=\"_wpcf7_container_post\" value=\"0\" \/>\n<input type=\"hidden\" name=\"_wpcf7_posted_data_hash\" value=\"\" \/>\n<\/div>\n<div class=\"contact-form contact-form\">\n\t<div class=\"row\">\n\t\t<div class=\"col-lg-12\">\n\t\t\t<div class=\"form-group\">\n\t\t\t\t<p><span class=\"wpcf7-form-control-wrap\" data-name=\"text-903\"><input size=\"40\" maxlength=\"400\" class=\"wpcf7-form-control wpcf7-text wpcf7-validates-as-required form-control\" id=\"text-903\" aria-required=\"true\" aria-invalid=\"false\" placeholder=\"Nombre\" value=\"\" type=\"text\" name=\"text-903\" \/><\/span>\n\t\t\t\t<\/p>\n\t\t\t<\/div>\n\t\t<\/div>\n\t<\/div>\n\t<div class=\"row\">\n\t\t<div class=\"col-lg-6\">\n\t\t\t<div class=\"form-group\">\n\t\t\t\t<p><span class=\"wpcf7-form-control-wrap\" data-name=\"email-58\"><input size=\"40\" maxlength=\"400\" class=\"wpcf7-form-control wpcf7-email wpcf7-validates-as-required wpcf7-text wpcf7-validates-as-email form-control\" id=\"email-58\" aria-required=\"true\" aria-invalid=\"false\" placeholder=\"Correo*\" value=\"\" type=\"email\" name=\"email-58\" \/><\/span>\n\t\t\t\t<\/p>\n\t\t\t<\/div>\n\t\t<\/div>\n\t\t<div class=\"col-lg-6\">\n\t\t\t<div class=\"form-group\">\n\t\t\t\t<p><span class=\"wpcf7-form-control-wrap\" data-name=\"text-238\"><input size=\"40\" maxlength=\"400\" class=\"wpcf7-form-control wpcf7-text form-control\" id=\"text-238\" aria-invalid=\"false\" placeholder=\"Telefono\" value=\"\" type=\"text\" name=\"text-238\" \/><\/span>\n\t\t\t\t<\/p>\n\t\t\t<\/div>\n\t\t<\/div>\n\t<\/div>\n\t<div class=\"row\">\n\t\t<div class=\"col-lg-12\">\n\t\t\t<div class=\"form-group comments\">\n\t\t\t\t<p><span class=\"wpcf7-form-control-wrap\" data-name=\"textarea-630\"><textarea cols=\"40\" rows=\"10\" maxlength=\"2000\" class=\"wpcf7-form-control wpcf7-textarea wpcf7-validates-as-required form-control\" id=\"textarea-630\" aria-required=\"true\" aria-invalid=\"false\" placeholder=\"Cuentanos de tu proyecto *\" name=\"textarea-630\"><\/textarea><\/span>\n\t\t\t\t<\/p>\n\t\t\t<\/div>\n\t\t<\/div>\n\t<\/div>\n\t<div class=\"row\">\n\t\t<div class=\"col-lg-12\">\n\t\t\t<p><button type=\"submit\" class=\"wpcf7\" name=\"submit\" id=\"submit\"><i class=\"fa fa-paper-plane\"><\/i> Enviar<\/button>\n\t\t\t<\/p>\n\t\t<\/div>\n\t<\/div>\n <!-- Alert Message -->\n\t<div class=\"col-lg-12 alert-notification\">\n\t\t<div id=\"message\" class=\"alert-msg\">\n\t\t<\/div>\n\t<\/div>\n<\/div><div class=\"wpcf7-response-output\" aria-hidden=\"true\"><\/div>\n<\/form>\n<\/div>\n<\/div><\/div><div class=\"col-tact-stye-one col-lg-5 offset-lg-1 mt--80 mt-md-50 mt-xs-50\"><div class=\"contact-style-one-info\"><div class=\"mb-40\"><h2>Informaci\u00f3n de Contacto<\/h2><p>Comun\u00edcate con nosotros para cualquier duda que tengas.  Estamos ac\u00e1 para ayudar tu negocio crecer.<\/p><\/div><ul class=\"contact-address\"><li class=\"wow fadeInUp\"><div class=\"content\"><h4 class=\"title\">Telefono<\/h4><a href=\"tel:+51935665927\n\">+51 935 665 927\n<\/a><\/div><\/li><li class=\"wow fadeInUp\" data-wow-delay=\"300ms\"><div class=\"info\"><h4 class=\"title\">Ubicaci\u00f3n<\/h4><p>\n                                  Calle Los Robles 327, San Isidro, Lima, Per\u00fa<\/p><\/div><\/li><li class=\"wow fadeInUp\" data-wow-delay=\"500ms\"><div class=\"info\"><h4 class=\"title\">Correo<\/h4><a href=\"mailto:administracion@solucol.com\">administracion@solucol.com<\/a><\/div><\/li><li class=\"wow fadeInUp\" data-wow-delay=\"700ms\"><div class=\"info\"> <h4 class=\"title\">Follow Us<\/h4><ul class=\"social-link\"> <li><a  target=\"_blank\" rel=\"nofollow\" href=\"https:\/\/www.facebook.com\/solucolglobal\"><i aria-hidden=\"true\" class=\"fab fa-facebook-f\"><\/i><\/a>  <\/li> <li><a  target=\"_blank\" rel=\"nofollow\" href=\"https:\/\/www.linkedin.com\/company\/solucol\/\"><svg aria-hidden=\"true\" class=\"e-font-icon-svg e-fab-linkedin-in\" viewBox=\"0 0 448 512\" xmlns=\"http:\/\/www.w3.org\/2000\/svg\"><path d=\"M100.28 448H7.4V148.9h92.88zM53.79 108.1C24.09 108.1 0 83.5 0 53.8a53.79 53.79 0 0 1 107.58 0c0 29.7-24.1 54.3-53.79 54.3zM447.9 448h-92.68V302.4c0-34.7-.7-79.2-48.29-79.2-48.29 0-55.69 37.7-55.69 76.7V448h-92.78V148.9h89.08v40.8h1.3c12.4-23.5 42.69-48.3 87.88-48.3 94 0 111.28 61.9 111.28 142.3V448z\"><\/path><\/svg><\/a>  <\/li><\/ul><\/div><\/li><\/ul><\/div><\/div><\/div><\/div><\/div>\t\t<\/div>\n\t\t\t\t<\/div>\n\t\t\t\t\t<\/div>\n\t\t<\/div>\n\t\t\t\t\t<\/div>\n\t\t<\/section>\n\t\t\t\t<\/div>\n\t\t","protected":false},"excerpt":{"rendered":"<p>\u00bfTIENES PREGUNTAS? Env\u00edanos un mensaje Enviar Informaci\u00f3n de Contacto Comun\u00edcate con nosotros para cualquier duda que tengas. Estamos ac\u00e1 para ayudar tu negocio crecer. Telefono +51 935 665 927 Ubicaci\u00f3n Calle Los Robles 327, San Isidro, Lima, Per\u00fa Correo administracion@solucol.com Follow Us<\/p>\n","protected":false},"author":1,"featured_media":0,"parent":0,"menu_order":0,"comment_status":"closed","ping_status":"closed","template":"template-builder.php","meta":{"footnotes":""},"class_list":["post-833","page","type-page","status-publish","hentry"],"_links":{"self":[{"href":"https:\/\/solucol.com\/index.php\/wp-json\/wp\/v2\/pages\/833","targetHints":{"allow":["GET"]}}],"collection":[{"href":"https:\/\/solucol.com\/index.php\/wp-json\/wp\/v2\/pages"}],"about":[{"href":"https:\/\/solucol.com\/index.php\/wp-json\/wp\/v2\/types\/page"}],"author":[{"embeddable":true,"href":"https:\/\/solucol.com\/index.php\/wp-json\/wp\/v2\/users\/1"}],"replies":[{"embeddable":true,"href":"https:\/\/solucol.com\/index.php\/wp-json\/wp\/v2\/comments?post=833"}],"version-history":[{"count":6,"href":"https:\/\/solucol.com\/index.php\/wp-json\/wp\/v2\/pages\/833\/revisions"}],"predecessor-version":[{"id":2638,"href":"https:\/\/solucol.com\/index.php\/wp-json\/wp\/v2\/pages\/833\/revisions\/2638"}],"wp:attachment":[{"href":"https:\/\/solucol.com\/index.php\/wp-json\/wp\/v2\/media?parent=833"}],"curies":[{"name":"wp","href":"https:\/\/api.w.org\/{rel}","templated":true}]}}