{"id":713,"date":"2023-06-11T19:31:06","date_gmt":"2023-06-11T19:31:06","guid":{"rendered":"https:\/\/wordpress.validthemes.net\/dilabs\/?page_id=713"},"modified":"2024-07-08T22:28:30","modified_gmt":"2024-07-08T22:28:30","slug":"sobre-nosotros","status":"publish","type":"page","link":"https:\/\/solucol.com\/index.php\/sobre-nosotros\/","title":{"rendered":"Sobre Nosotros"},"content":{"rendered":"\t\t<div data-elementor-type=\"wp-page\" data-elementor-id=\"713\" class=\"elementor elementor-713\">\n\t\t\t\t\t\t<section class=\"elementor-section elementor-top-section elementor-element elementor-element-d874cd3 elementor-section-full_width elementor-section-height-default elementor-section-height-default\" data-id=\"d874cd3\" data-element_type=\"section\">\n\t\t\t\t\t\t<div class=\"elementor-container elementor-column-gap-no\">\n\t\t\t\t\t<div class=\"elementor-column elementor-col-100 elementor-top-column elementor-element elementor-element-81ed12d\" data-id=\"81ed12d\" data-element_type=\"column\">\n\t\t\t<div class=\"elementor-widget-wrap elementor-element-populated\">\n\t\t\t\t\t\t<div class=\"elementor-element elementor-element-0fb7557 elementor-widget elementor-widget-dilabsaboutus\" data-id=\"0fb7557\" data-element_type=\"widget\" data-widget_type=\"dilabsaboutus.default\">\n\t\t\t\t<div class=\"elementor-widget-container\">\n\t\t\t<div class=\"about-style-two-area\"><div class=\"container\"><div class=\"row\"><div class=\"col-lg-6 about-style-two\"><div class=\"about-two-thumb\"><img decoding=\"async\" src=\"https:\/\/solucol.com\/wp-content\/uploads\/2023\/06\/9-3-1.jpg\" alt=\"Image Not Found\"><div class=\"experience\"><h2><strong>64<\/strong> Proyectos <\/br>Completados<\/h2><\/div><\/div><\/div><div class=\"col-lg-6 about-style-two pl-50 pl-md-15 pl-xs-15 mt-60 mt-xs-40\"><div class=\"about-two-info\"><h4 class=\"sub-title\">Sobre Nosotros<\/h4><h2 class=\"title\">Soluciones integrales  <br>para el desarrollo digital de su empresa<\/h2><p>Las soluciones comerciales innovadoras ayudan a\nlas empresas a encontrar y capitalizar posibilidades\ndistintivas que les brindan una ventaja estrat\u00e9gica\ny significativa en la industria. Estas son herramientas\ny procesos utilizado para desplegar o implementar\ncapacidades con el uso de la tecnolog\u00eda.<\/p><div class=\"about-grid-info\"><a href=\"https:\/\/solucol.com\/index.php\/servicios\/\" class=\"btn-round-animation\">Descubre m\u00e1s  <i class=\"fas fa-arrow-right\"><\/i><\/a><ul class=\"list-info-item\"><li><h4><a href=\"https:\/\/solucol.com\/index.php\/servicios\/\">Reestructuraci\u00f3n Organizacional <i class=\"fas fa-angle-right\"><\/i><\/a><\/h4><\/li><li><h4><a href=\"https:\/\/solucol.com\/index.php\/servicios\/\">Eficiencia comercial y operativa <i class=\"fas fa-angle-right\"><\/i><\/a><\/h4><\/li><li><h4><a href=\"https:\/\/solucol.com\/index.php\/servicios\/\">Optimizaci\u00f3n de procesos <i class=\"fas fa-angle-right\"><\/i><\/a><\/h4><\/li><li><h4><a href=\"https:\/\/solucol.com\/index.php\/servicios\/\">Soluciones Call Center <i class=\"fas fa-angle-right\"><\/i><\/a><\/h4><\/li><li><h4><a href=\"https:\/\/solucol.com\/index.php\/servicios\/\">Marketing Digital <i class=\"fas fa-angle-right\"><\/i><\/a><\/h4><\/li><li><h4><a href=\"https:\/\/solucol.com\/index.php\/servicios\/\">Implementaci\u00f3n CRM <i class=\"fas fa-angle-right\"><\/i><\/a><\/h4><\/li><\/ul><\/div><\/div><\/div><\/div> <\/div><\/div>\t\t<\/div>\n\t\t\t\t<\/div>\n\t\t\t\t\t<\/div>\n\t\t<\/div>\n\t\t\t\t\t<\/div>\n\t\t<\/section>\n\t\t\t\t<section class=\"elementor-section elementor-top-section elementor-element elementor-element-3123b41 elementor-section-full_width elementor-section-height-default elementor-section-height-default\" data-id=\"3123b41\" data-element_type=\"section\" data-settings=\"{&quot;background_background&quot;:&quot;classic&quot;}\">\n\t\t\t\t\t\t<div class=\"elementor-container elementor-column-gap-no\">\n\t\t\t\t\t<div class=\"elementor-column elementor-col-100 elementor-top-column elementor-element elementor-element-6fc989a\" data-id=\"6fc989a\" data-element_type=\"column\">\n\t\t\t<div class=\"elementor-widget-wrap elementor-element-populated\">\n\t\t\t\t\t\t<div class=\"elementor-element elementor-element-362a8b3 elementor-widget elementor-widget-dilabswcu\" data-id=\"362a8b3\" data-element_type=\"widget\" data-widget_type=\"dilabswcu.default\">\n\t\t\t\t<div class=\"elementor-widget-container\">\n\t\t\t<div class=\"choose-us-style-two-area text-light\"><div class=\"container\"><div class=\"row\"><div class=\"col-xl-4\"><div class=\"choose-us-style-two\"><h2 class=\"title mb-50\">Crece con tecnolog\u00eda de alta gama e innovadora<\/h2><ul class=\"check-list-item\"><li><h4>Innovaci\u00f3n Tecnol\u00f3gica<\/h4><p>La innovaci\u00f3n tecnol\u00f3gica otorga un mayor acceso a nuevos clientes y nuevas oportunidades de mercado. La digitalizaci\u00f3n de las empresas a trav\u00e9s de la aplicaci\u00f3n de tecnolog\u00edas innovadoras abarca una amplia variedad de negocios en\u00a0la\u00a0actualidad.<\/p><\/li><li><h4>Proveedor de Soluciones Integrales<\/h4><p>Cuando usamos soluciones tecnol\u00f3gicas, nos referimos a programas que simplifican los procesos de trabajo en las empresas.\n<\/p><\/li><\/ul><\/div><\/div><div class=\"col-xl-7 offset-xl-1 text-end\"><div class=\"choose-us-style-two-thumb\"><div class=\"curve-text\"><svg xmlns=\"http:\/\/www.w3.org\/2000\/svg\" viewBox=\"0 0 150 150\" version=\"1.1\"><path id=\"textPath\" d=\"M 0,75 a 75,75 0 1,1 0,1 z\"><\/path><text><textPath href=\"#textPath\">Potenciamos tus negocios digitalmente<\/textPath><\/text><\/svg><\/div><h4>Trabajamos apoyando empresas<\/h4><h2 class=\"text-path\">desde 2022<\/h2><img decoding=\"async\" src=\"https:\/\/wordpress.validthemes.net\/dilabs\/wp-content\/uploads\/2023\/06\/4-1.jpg\" alt=\"Solucol\"  \/><\/div><\/div><\/div><\/div><\/div>\t\t<\/div>\n\t\t\t\t<\/div>\n\t\t\t\t\t<\/div>\n\t\t<\/div>\n\t\t\t\t\t<\/div>\n\t\t<\/section>\n\t\t\t\t<section class=\"elementor-section elementor-top-section elementor-element elementor-element-57d15cd elementor-section-full_width elementor-section-height-default elementor-section-height-default\" data-id=\"57d15cd\" data-element_type=\"section\" data-settings=\"{&quot;background_background&quot;:&quot;classic&quot;}\">\n\t\t\t\t\t\t<div class=\"elementor-container elementor-column-gap-no\">\n\t\t\t\t\t<div class=\"elementor-column elementor-col-100 elementor-top-column elementor-element elementor-element-f6d3367\" data-id=\"f6d3367\" data-element_type=\"column\">\n\t\t\t<div class=\"elementor-widget-wrap elementor-element-populated\">\n\t\t\t\t\t\t<div class=\"elementor-element elementor-element-0b08b4c elementor-widget elementor-widget-dilabsteam\" data-id=\"0b08b4c\" data-element_type=\"widget\" data-widget_type=\"dilabsteam.default\">\n\t\t\t\t<div class=\"elementor-widget-container\">\n\t\t\t<div class=\"team-style-three-area text-center\"><div class=\"container\"><div class=\"row\"><div class=\"col-lg-8 offset-lg-2\"><div class=\"site-heading text-center\"><h5 class=\"sub-title\">Nuestro Equipo<\/h5><h2 class=\"title\">Profesionales <br> en su \u00e1rea<\/h2><\/div><\/div><\/div><\/div><div class=\"container\"><div class=\"row\"><!-- Single Item --><div class=\"col-xl-3 col-md-6 mb-30\"><div class=\"team-style-three\"><div class=\"thumb\" style=\"background-image: url( https:\/\/solucol.com\/wp-content\/plugins\/elementor\/assets\/images\/placeholder.png );\"><img decoding=\"async\" src=\"https:\/\/solucol.com\/wp-content\/uploads\/2024\/07\/Arturo-Serrano.jpg\" alt=\"Solucol\"  \/><\/div><div class=\"content\"><h4><a href=\"\">Arturo Serrano<\/a><\/h4><span>CEO<\/span><\/div><\/div><\/div><!-- End Single Item --><!-- Single Item --><div class=\"col-xl-3 col-md-6 mb-30\"><div class=\"team-style-three\"><div class=\"thumb\" style=\"background-image: url( https:\/\/solucol.com\/wp-content\/plugins\/elementor\/assets\/images\/placeholder.png );\"><img decoding=\"async\" src=\"https:\/\/solucol.com\/wp-content\/uploads\/2024\/07\/Roberto.jpg\" alt=\"Solucol\"  \/><\/div><div class=\"content\"><h4><a href=\"\">Roberto Vannucci<\/a><\/h4><span>Gerente Comercial<\/span><\/div><\/div><\/div><!-- End Single Item --><!-- Single Item --><div class=\"col-xl-3 col-md-6 mb-30\"><div class=\"team-style-three\"><div class=\"thumb\" style=\"background-image: url( https:\/\/solucol.com\/wp-content\/plugins\/elementor\/assets\/images\/placeholder.png );\"><img decoding=\"async\" src=\"https:\/\/solucol.com\/wp-content\/uploads\/2024\/07\/Screenshot_3-1.png\" alt=\"Solucol\"  \/><\/div><div class=\"content\"><h4><a href=\"https:\/\/solucol.com\/index.php\/edoardo-badinotti\/\">Edoardo Badinotti<\/a><\/h4><span>Gerente de Marketing<\/span><\/div><\/div><\/div><!-- End Single Item --><!-- Single Item --><div class=\"col-xl-3 col-md-6 mb-30\"><div class=\"team-style-three\"><div class=\"thumb\" style=\"background-image: url( https:\/\/solucol.com\/wp-content\/plugins\/elementor\/assets\/images\/placeholder.png );\"><img decoding=\"async\" src=\"https:\/\/solucol.com\/wp-content\/uploads\/2024\/07\/daniel-foto.jpg\" alt=\"Solucol\"  \/><\/div><div class=\"content\"><h4><a href=\"\">Daniel Levano<\/a><\/h4><span>Jefe Comercial<\/span><\/div><\/div><\/div><!-- End Single Item --><!-- Single Item --><div class=\"col-xl-3 col-md-6 mb-30\"><div class=\"team-style-three\"><div class=\"thumb\" style=\"background-image: url( https:\/\/solucol.com\/wp-content\/plugins\/elementor\/assets\/images\/placeholder.png );\"><img decoding=\"async\" src=\"https:\/\/solucol.com\/wp-content\/uploads\/2024\/07\/diana-1.jpg\" alt=\"Solucol\"  \/><\/div><div class=\"content\"><h4><a href=\"\">Diana Pe\u00f1a<\/a><\/h4><span>Recursos Humanos<\/span><\/div><\/div><\/div><!-- End Single Item --><\/div><\/div><\/div>\t\t<\/div>\n\t\t\t\t<\/div>\n\t\t\t\t\t<\/div>\n\t\t<\/div>\n\t\t\t\t\t<\/div>\n\t\t<\/section>\n\t\t\t\t<\/div>\n\t\t","protected":false},"excerpt":{"rendered":"<p>64 Proyectos Completados Sobre Nosotros Soluciones integrales para el desarrollo digital de su empresa Las soluciones comerciales innovadoras ayudan a las empresas a encontrar y capitalizar posibilidades distintivas que les brindan una ventaja estrat\u00e9gica y significativa en la industria. Estas son herramientas y procesos utilizado para desplegar o implementar capacidades con el uso de la&#8230;<\/p>\n","protected":false},"author":1,"featured_media":0,"parent":0,"menu_order":0,"comment_status":"closed","ping_status":"closed","template":"template-builder.php","meta":{"footnotes":""},"class_list":["post-713","page","type-page","status-publish","hentry"],"_links":{"self":[{"href":"https:\/\/solucol.com\/index.php\/wp-json\/wp\/v2\/pages\/713","targetHints":{"allow":["GET"]}}],"collection":[{"href":"https:\/\/solucol.com\/index.php\/wp-json\/wp\/v2\/pages"}],"about":[{"href":"https:\/\/solucol.com\/index.php\/wp-json\/wp\/v2\/types\/page"}],"author":[{"embeddable":true,"href":"https:\/\/solucol.com\/index.php\/wp-json\/wp\/v2\/users\/1"}],"replies":[{"embeddable":true,"href":"https:\/\/solucol.com\/index.php\/wp-json\/wp\/v2\/comments?post=713"}],"version-history":[{"count":36,"href":"https:\/\/solucol.com\/index.php\/wp-json\/wp\/v2\/pages\/713\/revisions"}],"predecessor-version":[{"id":2737,"href":"https:\/\/solucol.com\/index.php\/wp-json\/wp\/v2\/pages\/713\/revisions\/2737"}],"wp:attachment":[{"href":"https:\/\/solucol.com\/index.php\/wp-json\/wp\/v2\/media?parent=713"}],"curies":[{"name":"wp","href":"https:\/\/api.w.org\/{rel}","templated":true}]}}