{"id":2655,"date":"2024-06-28T07:13:33","date_gmt":"2024-06-28T07:13:33","guid":{"rendered":"https:\/\/solucol.com\/?page_id=2655"},"modified":"2024-07-01T23:12:22","modified_gmt":"2024-07-01T23:12:22","slug":"edoardo-badinotti","status":"publish","type":"page","link":"https:\/\/solucol.com\/index.php\/edoardo-badinotti\/","title":{"rendered":"Edoardo Badinotti"},"content":{"rendered":"\t\t<div data-elementor-type=\"wp-page\" data-elementor-id=\"2655\" class=\"elementor elementor-2655\">\n\t\t\t\t\t\t<section class=\"elementor-section elementor-top-section elementor-element elementor-element-2be4c46 elementor-section-full_width elementor-section-height-default elementor-section-height-default\" data-id=\"2be4c46\" data-element_type=\"section\">\n\t\t\t\t\t\t<div class=\"elementor-container elementor-column-gap-no\">\n\t\t\t\t\t<div class=\"elementor-column elementor-col-100 elementor-top-column elementor-element elementor-element-95f5a56\" data-id=\"95f5a56\" data-element_type=\"column\">\n\t\t\t<div class=\"elementor-widget-wrap elementor-element-populated\">\n\t\t\t\t\t\t<div class=\"elementor-element elementor-element-32d800c elementor-widget elementor-widget-dilabsmemberinfo\" data-id=\"32d800c\" data-element_type=\"widget\" data-widget_type=\"dilabsmemberinfo.default\">\n\t\t\t\t<div class=\"elementor-widget-container\">\n\t\t\t<!-----------------------Start Teammember Information-----------------------><div class=\"team-single-area\"><div class=\"container\"><div class=\"team-content-top\"><div class=\"row\"><div class=\"col-xl-6 left-info\"><div class=\"thumb\"><img decoding=\"async\" src=\"https:\/\/solucol.com\/wp-content\/uploads\/2024\/07\/Screenshot_3-1.jpg\" alt=\"Solucol\"  \/><\/div><\/div><div class=\"col-xl-6\"><div class=\"team-right-info bg-dark text-light\"><h2>Edoardo Badinotti<\/h2><span>Gerente de Marketing<\/span><p>Administrador de profesi\u00f3n con pasi\u00f3n en el marketing digital.  Emprendiendo todo el tiempo con una visi\u00f3n de un mundo digitalizado sin fronteras<\/p><div class=\"team-experience mt-30\"><div class=\"fun-fact\"><div class=\"counter\"><div class=\"timer\" data-to=\"400\" data-speed=\"2000\">48<\/div><div class=\"operator\">+<\/div><\/div><p><span class=\"medium\">Proyectos en 12 a\u00f1os<\/span><\/p><\/div><\/div><ul><li><strong>Email: <\/strong><a href=\"mailto:marketing@solucol.com\">marketing@solucol.com<\/a><\/li><\/ul><div class=\"social\"><div class=\"share-link\"><i class=\"fas fa-share-alt\"><\/i><ul><li><a  target=\"_blank\" rel=\"nofollow\" href=\"https:\/\/www.linkedin.com\/in\/edoardo-badinotti-61352a62\/\"><svg aria-hidden=\"true\" class=\"e-font-icon-svg e-fab-linkedin-in\" viewBox=\"0 0 448 512\" xmlns=\"http:\/\/www.w3.org\/2000\/svg\"><path d=\"M100.28 448H7.4V148.9h92.88zM53.79 108.1C24.09 108.1 0 83.5 0 53.8a53.79 53.79 0 0 1 107.58 0c0 29.7-24.1 54.3-53.79 54.3zM447.9 448h-92.68V302.4c0-34.7-.7-79.2-48.29-79.2-48.29 0-55.69 37.7-55.69 76.7V448h-92.78V148.9h89.08v40.8h1.3c12.4-23.5 42.69-48.3 87.88-48.3 94 0 111.28 61.9 111.28 142.3V448z\"><\/path><\/svg><\/li><\/a><\/ul><\/div><\/div><\/div><\/div><\/div><\/div><\/div><\/div><!-----------------------End Teammember Information----------------------->\t\t<\/div>\n\t\t\t\t<\/div>\n\t\t\t\t\t<\/div>\n\t\t<\/div>\n\t\t\t\t\t<\/div>\n\t\t<\/section>\n\t\t\t\t<section class=\"elementor-section elementor-top-section elementor-element elementor-element-1b766a2 elementor-section-full_width elementor-section-height-default elementor-section-height-default\" data-id=\"1b766a2\" data-element_type=\"section\">\n\t\t\t\t\t\t<div class=\"elementor-container elementor-column-gap-no\">\n\t\t\t\t\t<div class=\"elementor-column elementor-col-100 elementor-top-column elementor-element elementor-element-110608d\" data-id=\"110608d\" data-element_type=\"column\">\n\t\t\t<div class=\"elementor-widget-wrap elementor-element-populated\">\n\t\t\t\t\t\t<div class=\"elementor-element elementor-element-8440a37 elementor-widget elementor-widget-dilabsqualifications\" data-id=\"8440a37\" data-element_type=\"widget\" data-widget_type=\"dilabsqualifications.default\">\n\t\t\t\t<div class=\"elementor-widget-container\">\n\t\t\t<div class=\"team-single-area\"><div class=\"bottom-info\"><div class=\"container\"><div class=\"row\"><div class=\"col-xl-6\"><h2>Calificaciones<\/h2><div class=\"qualification-grid\"><div class=\"qualification-item\"><i class=\"flaticon-data-management\"><\/i><h4>Sistemas<\/h4><\/div><div class=\"qualification-item\"><i class=\"flaticon-marketing-agent\"><\/i><h4>Marketing Digital<\/h4><\/div><div class=\"qualification-item\"><i class=\"flaticon-rocket\"><\/i><h4>Administracion<\/h4><\/div><\/div><\/div><div class=\"col-xl-6\"><div class=\"skill-items pl-50 pl-md-0 pl-xs-0 mt-md-50 mt-xs-30\"><h2>Programas<\/h2><div class=\"progress-box\"><h5>Issabel<\/h5><div class=\"progress\"><div class=\"progress-bar\" role=\"progressbar\" data-width=\"67\"><span>67%<\/span><\/div><\/div><\/div><div class=\"progress-box\"><h5>Web<\/h5><div class=\"progress\"><div class=\"progress-bar\" role=\"progressbar\" data-width=\"89\"><span>89%<\/span><\/div><\/div><\/div><div class=\"progress-box\"><h5>Administraci\u00f3n y Finanzas<\/h5><div class=\"progress\"><div class=\"progress-bar\" role=\"progressbar\" data-width=\"90\"><span>90%<\/span><\/div><\/div><\/div><!-- End Progressbar --><\/div><\/div><\/div><\/div><\/div><\/div>\t\t<\/div>\n\t\t\t\t<\/div>\n\t\t\t\t\t<\/div>\n\t\t<\/div>\n\t\t\t\t\t<\/div>\n\t\t<\/section>\n\t\t\t\t<\/div>\n\t\t","protected":false},"excerpt":{"rendered":"<p>Edoardo Badinotti Gerente de Marketing Administrador de profesi\u00f3n con pasi\u00f3n en el marketing digital. Emprendiendo todo el tiempo con una visi\u00f3n de un mundo digitalizado sin fronteras 48+ Proyectos en 12 a\u00f1os Email: marketing@solucol.com Calificaciones Sistemas Marketing Digital Administracion Programas Issabel 67% Web 89% Administraci\u00f3n y Finanzas 90%<\/p>\n","protected":false},"author":1,"featured_media":0,"parent":0,"menu_order":0,"comment_status":"closed","ping_status":"closed","template":"template-builder.php","meta":{"footnotes":""},"class_list":["post-2655","page","type-page","status-publish","hentry"],"_links":{"self":[{"href":"https:\/\/solucol.com\/index.php\/wp-json\/wp\/v2\/pages\/2655","targetHints":{"allow":["GET"]}}],"collection":[{"href":"https:\/\/solucol.com\/index.php\/wp-json\/wp\/v2\/pages"}],"about":[{"href":"https:\/\/solucol.com\/index.php\/wp-json\/wp\/v2\/types\/page"}],"author":[{"embeddable":true,"href":"https:\/\/solucol.com\/index.php\/wp-json\/wp\/v2\/users\/1"}],"replies":[{"embeddable":true,"href":"https:\/\/solucol.com\/index.php\/wp-json\/wp\/v2\/comments?post=2655"}],"version-history":[{"count":10,"href":"https:\/\/solucol.com\/index.php\/wp-json\/wp\/v2\/pages\/2655\/revisions"}],"predecessor-version":[{"id":2679,"href":"https:\/\/solucol.com\/index.php\/wp-json\/wp\/v2\/pages\/2655\/revisions\/2679"}],"wp:attachment":[{"href":"https:\/\/solucol.com\/index.php\/wp-json\/wp\/v2\/media?parent=2655"}],"curies":[{"name":"wp","href":"https:\/\/api.w.org\/{rel}","templated":true}]}}