{"id":208,"date":"2023-05-21T19:22:20","date_gmt":"2023-05-21T19:22:20","guid":{"rendered":"https:\/\/wordpress.validthemes.net\/dilabs\/?page_id=208"},"modified":"2024-06-28T05:34:12","modified_gmt":"2024-06-28T05:34:12","slug":"servicios","status":"publish","type":"page","link":"https:\/\/solucol.com\/index.php\/servicios\/","title":{"rendered":"Servicios"},"content":{"rendered":"\t\t<div data-elementor-type=\"wp-page\" data-elementor-id=\"208\" class=\"elementor elementor-208\">\n\t\t\t\t\t\t<section class=\"elementor-section elementor-top-section elementor-element elementor-element-70780fb elementor-section-full_width elementor-section-height-default elementor-section-height-default\" data-id=\"70780fb\" data-element_type=\"section\" data-settings=\"{&quot;background_background&quot;:&quot;classic&quot;}\">\n\t\t\t\t\t\t<div class=\"elementor-container elementor-column-gap-no\">\n\t\t\t\t\t<div class=\"elementor-column elementor-col-100 elementor-top-column elementor-element elementor-element-b07837b\" data-id=\"b07837b\" data-element_type=\"column\">\n\t\t\t<div class=\"elementor-widget-wrap elementor-element-populated\">\n\t\t\t\t\t\t<div class=\"elementor-element elementor-element-61fac66 elementor-widget elementor-widget-dilabsservices\" data-id=\"61fac66\" data-element_type=\"widget\" data-widget_type=\"dilabsservices.default\">\n\t\t\t\t<div class=\"elementor-widget-container\">\n\t\t\t<div class=\"services-style-two-area service-two-grid\"><div class=\"container\"><div class=\"row\"><!-- Start Single Item --><div class=\"col-xl-4 col-lg-6 col-md-6 mb-30\"><div class=\"service-style-two\"><div class=\"icon\"><img decoding=\"async\" src=\"https:\/\/wordpress.validthemes.net\/dilabs\/wp-content\/uploads\/2023\/05\/4-1.png\" alt=\"Solucol\"  \/><\/div><p>Deseas contratar un call center para comunicarte con tus clientes?  Solucol se encarga de todo por ti.<\/p><h4><a href=\"#\">Soluciones Call Center<\/a><\/h4><span>Call Center<\/span><a href=\"#\" class=\"icon-btn\"><i class=\"fas fa-arrow-right\"><\/i><\/a><div class=\"shape\"><img decoding=\"async\" src=\"https:\/\/wordpress.validthemes.net\/dilabs\/wp-content\/uploads\/2023\/05\/15.webp\" alt=\"Solucol\"  \/><\/div><\/div><\/div><!-- Start Single Item --><div class=\"col-xl-4 col-lg-6 col-md-6 mb-30\"><div class=\"service-style-two\"><div class=\"icon\"><img decoding=\"async\" src=\"https:\/\/wordpress.validthemes.net\/dilabs\/wp-content\/uploads\/2023\/05\/5-1.png\" alt=\"Solucol\"  \/><\/div><p>Desarrollamos estructuras organizacionales adaptadas\na cada realidad, eliminando desorden y p\u00e9rdidas de dinero.\nMejoramos la comunicaci\u00f3n entre puestos, \u00e1reas y\nprocesos, maximizando sus ingresos, garantizando los\nniveles de eficacia esperados.<\/p><h4><a href=\"#\">Restructuraci\u00f3n Organizacional<\/a><\/h4><span>Consultor\u00eda Integral<\/span><a href=\"#\" class=\"icon-btn\"><i class=\"fas fa-arrow-right\"><\/i><\/a><div class=\"shape\"><img decoding=\"async\" src=\"https:\/\/wordpress.validthemes.net\/dilabs\/wp-content\/uploads\/2023\/05\/15.webp\" alt=\"Solucol\"  \/><\/div><\/div><\/div><!-- Start Single Item --><div class=\"col-xl-4 col-lg-6 col-md-6 mb-30\"><div class=\"service-style-two\"><div class=\"icon\"><img decoding=\"async\" src=\"https:\/\/wordpress.validthemes.net\/dilabs\/wp-content\/uploads\/2023\/05\/6-1.png\" alt=\"Solucol\"  \/><\/div><p>Realizamos una auditor\u00eda integral de su \u00e1rea comercial\npara detectar oportunidades y aspectos de\nmejora dentro de su empresa. Pondremos a su alcance\nlas mejores acciones y estrategias para alcanzar\nsus objetivos y contribuir con su crecimiento y\nrentabilidad.<\/p><h4><a href=\"#\">Eficiencia Comercial y Operativa<\/a><\/h4><span>Consultor\u00eda Integral<\/span><a href=\"#\" class=\"icon-btn\"><i class=\"fas fa-arrow-right\"><\/i><\/a><div class=\"shape\"><img decoding=\"async\" src=\"https:\/\/wordpress.validthemes.net\/dilabs\/wp-content\/uploads\/2023\/05\/15.webp\" alt=\"Solucol\"  \/><\/div><\/div><\/div><!-- Start Single Item --><div class=\"col-xl-4 col-lg-6 col-md-6 mb-30\"><div class=\"service-style-two\"><div class=\"icon\"><img decoding=\"async\" src=\"https:\/\/wordpress.validthemes.net\/dilabs\/wp-content\/uploads\/2023\/05\/9.png\" alt=\"Solucol\"  \/><\/div><p>Brindamos soluciones que le permitir\u00e1n\naprovechar al m\u00e1ximo sus recursos. De esta forma,\nse reducir\u00e1n los gastos innecesarios, los posibles\nerrores y podr\u00e1 apreciar una mejor comunicaci\u00f3n\nentre las \u00e1reas de su empresa.<\/p><h4><a href=\"#\">Optimizaci\u00f3n de Procesos<\/a><\/h4><span>Consultor\u00eda Integral<\/span><a href=\"#\" class=\"icon-btn\"><i class=\"fas fa-arrow-right\"><\/i><\/a><div class=\"shape\"><img decoding=\"async\" src=\"https:\/\/wordpress.validthemes.net\/dilabs\/wp-content\/uploads\/2023\/05\/15.webp\" alt=\"Solucol\"  \/><\/div><\/div><\/div><!-- Start Single Item --><div class=\"col-xl-4 col-lg-6 col-md-6 mb-30\"><div class=\"service-style-two\"><div class=\"icon\"><img decoding=\"async\" src=\"https:\/\/wordpress.validthemes.net\/dilabs\/wp-content\/uploads\/2023\/05\/8.png\" alt=\"Solucol\"  \/><\/div><p>Brindamos una solucion integral de CRM e implementacion de sistema para call center para su negocio.  Desea maximizar el tiempo de llamado en sus asesores.  Nosotros le traemos una soluci\u00f3n remota para que tenga control completo de su call center.<\/p><h4><a href=\"#\">CRM<\/a><\/h4><span>Sistemas<\/span><a href=\"#\" class=\"icon-btn\"><i class=\"fas fa-arrow-right\"><\/i><\/a><div class=\"shape\"><img decoding=\"async\" src=\"https:\/\/wordpress.validthemes.net\/dilabs\/wp-content\/uploads\/2023\/05\/15.webp\" alt=\"Solucol\"  \/><\/div><\/div><\/div><!-- Start Single Item --><div class=\"col-xl-4 col-lg-6 col-md-6 mb-30\"><div class=\"service-style-two\"><div class=\"icon\"><img decoding=\"async\" src=\"https:\/\/wordpress.validthemes.net\/dilabs\/wp-content\/uploads\/2023\/05\/7.png\" alt=\"Solucol\"  \/><\/div><p>Descubre c\u00f3mo podemos impulsar tu negocio en l\u00ednea con nuestro experto servicio de marketing digital. Maximiza tu alcance, aumenta tu visibilidad y convierte visitantes en clientes fieles. \u00a1Construyamos juntos tu \u00e9xito digital!<\/p><h4><a href=\"#\">Marketing Digital<\/a><\/h4><span>Marketing<\/span><a href=\"#\" class=\"icon-btn\"><i class=\"fas fa-arrow-right\"><\/i><\/a><div class=\"shape\"><img decoding=\"async\" src=\"https:\/\/wordpress.validthemes.net\/dilabs\/wp-content\/uploads\/2023\/05\/15.webp\" alt=\"Solucol\"  \/><\/div><\/div><\/div><\/div><\/div><\/div>\t\t<\/div>\n\t\t\t\t<\/div>\n\t\t\t\t\t<\/div>\n\t\t<\/div>\n\t\t\t\t\t<\/div>\n\t\t<\/section>\n\t\t\t\t<section class=\"elementor-section elementor-top-section elementor-element elementor-element-27e4eb7 elementor-section-full_width elementor-section-height-default elementor-section-height-default\" data-id=\"27e4eb7\" data-element_type=\"section\">\n\t\t\t\t\t\t<div class=\"elementor-container elementor-column-gap-no\">\n\t\t\t\t\t<div class=\"elementor-column elementor-col-100 elementor-top-column elementor-element elementor-element-b4450f9\" data-id=\"b4450f9\" data-element_type=\"column\">\n\t\t\t<div class=\"elementor-widget-wrap elementor-element-populated\">\n\t\t\t\t\t\t<div class=\"elementor-element elementor-element-45bee74 elementor-widget elementor-widget-dilabsaboutus\" data-id=\"45bee74\" data-element_type=\"widget\" data-widget_type=\"dilabsaboutus.default\">\n\t\t\t\t<div class=\"elementor-widget-container\">\n\t\t\t<div class=\"about-style-one-area\"><div class=\"container\"><div class=\"row\"><div class=\"col-xl-4 col-lg-12\"><div class=\"about-style-one bg-dark text-light\" style=\"background-image: url(https:\/\/wordpress.validthemes.net\/dilabs\/wp-content\/uploads\/2023\/05\/7-1.png);\"><ul class=\"check-list-item\"><li><h5>Profesionales<\/h5><p>Somos un equipo diverso y multidisciplinario, cada uno experto en su \u00e1rea de conocimiento. Nos unimos para ofrecerte soluciones integrales que combinan distintas cualidades y habilidades especializadas, garantizando resultados excepcionales en cada proyecto que emprendemos.<\/p><\/li><li><h5>Soluciones Integrales<\/h5><p>Transformamos tu negocio con soluciones integrales que abarcan sistemas avanzados, optimizaci\u00f3n de procesos eficientes, estrategias de ventas efectivas, gesti\u00f3n de call center de alto rendimiento y potente marketing digital. Impulsamos tu \u00e9xito con soluciones adaptadas a tus necesidades espec\u00edficas<\/p><\/li><\/ul><\/div><\/div><div class=\"col-xl-8 col-lg-12\"><div class=\"about-style-one\"><h2 class=\"title pl-120 pl-md-0 pl-xs-0 mb-70 mb-md-40 mb-xs-30 mt-md-50 mt-xs-30\">Soluciones integrales <br> In <strong>digitales<\/strong> para su negocio<\/h2><div class=\"thumb bg-cover\" style=\"background-image: url(https:\/\/wordpress.validthemes.net\/dilabs\/wp-content\/uploads\/2023\/05\/2.jpg);\"><div class=\"video-bg-live\">\t\t\t                                <div class=\"player\" data-property=\"{videoURL:'zwUsFN__jtE',containment:'.video-bg-live', showControls:false, autoPlay:true, zoom:0, loop:true, mute:true, startAt:105, opacity:1, quality:'default'}\"><\/div>\r\n\t\t\t                                <\/div><\/div><\/div><\/div><\/div><\/div><\/div>\t\t<\/div>\n\t\t\t\t<\/div>\n\t\t\t\t\t<\/div>\n\t\t<\/div>\n\t\t\t\t\t<\/div>\n\t\t<\/section>\n\t\t\t\t<section class=\"elementor-section elementor-top-section elementor-element elementor-element-70adc31 elementor-section-full_width elementor-section-height-default elementor-section-height-default\" data-id=\"70adc31\" data-element_type=\"section\" data-settings=\"{&quot;background_background&quot;:&quot;classic&quot;}\">\n\t\t\t\t\t\t<div class=\"elementor-container elementor-column-gap-no\">\n\t\t\t\t\t<div class=\"elementor-column elementor-col-100 elementor-top-column elementor-element elementor-element-4cda275\" data-id=\"4cda275\" data-element_type=\"column\">\n\t\t\t<div class=\"elementor-widget-wrap elementor-element-populated\">\n\t\t\t\t\t\t<div class=\"elementor-element elementor-element-65c110e elementor-widget elementor-widget-dilabshireme\" data-id=\"65c110e\" data-element_type=\"widget\" data-widget_type=\"dilabshireme.default\">\n\t\t\t\t<div class=\"elementor-widget-container\">\n\t\t\t<!-----------------------Start Contact Form-----------------------><div class=\"project-deal-area text-center default-padding bg-gray\"><div class=\"deal-illustration\"><img decoding=\"async\" src=\"https:\/\/wordpress.validthemes.net\/dilabs\/wp-content\/uploads\/2023\/06\/8.png\" alt=\"Solucol\"  \/><\/div><div class=\"arrow-illustration\"><img decoding=\"async\" src=\"https:\/\/wordpress.validthemes.net\/dilabs\/wp-content\/uploads\/2023\/06\/9.png\" alt=\"Solucol\"  \/><\/div><div class=\"container\"><div class=\"row\"><div class=\"col-lg-8 offset-lg-2\"><div class=\"project-deal\"><h2 class=\"title\">Si desea asesor\u00eda para su <strong>empresa<\/strong> <br> esta a un click de un cambio radical.<\/h2><a class=\"btn mt-30 btn-md circle btn-gradient animation\" href=\"https:\/\/wa.me\/51903521853\">Chatea con Nosotros<\/a><\/div><\/div><\/div><\/div><\/div><!-----------------------End Contact Form----------------------->\t\t<\/div>\n\t\t\t\t<\/div>\n\t\t\t\t\t<\/div>\n\t\t<\/div>\n\t\t\t\t\t<\/div>\n\t\t<\/section>\n\t\t\t\t<\/div>\n\t\t","protected":false},"excerpt":{"rendered":"<p>Deseas contratar un call center para comunicarte con tus clientes? Solucol se encarga de todo por ti. Soluciones Call Center Call Center Desarrollamos estructuras organizacionales adaptadas a cada realidad, eliminando desorden y p\u00e9rdidas de dinero. Mejoramos la comunicaci\u00f3n entre puestos, \u00e1reas y procesos, maximizando sus ingresos, garantizando los niveles de eficacia esperados. Restructuraci\u00f3n Organizacional Consultor\u00eda&#8230;<\/p>\n","protected":false},"author":1,"featured_media":0,"parent":0,"menu_order":0,"comment_status":"closed","ping_status":"closed","template":"template-builder.php","meta":{"footnotes":""},"class_list":["post-208","page","type-page","status-publish","hentry"],"_links":{"self":[{"href":"https:\/\/solucol.com\/index.php\/wp-json\/wp\/v2\/pages\/208","targetHints":{"allow":["GET"]}}],"collection":[{"href":"https:\/\/solucol.com\/index.php\/wp-json\/wp\/v2\/pages"}],"about":[{"href":"https:\/\/solucol.com\/index.php\/wp-json\/wp\/v2\/types\/page"}],"author":[{"embeddable":true,"href":"https:\/\/solucol.com\/index.php\/wp-json\/wp\/v2\/users\/1"}],"replies":[{"embeddable":true,"href":"https:\/\/solucol.com\/index.php\/wp-json\/wp\/v2\/comments?post=208"}],"version-history":[{"count":5,"href":"https:\/\/solucol.com\/index.php\/wp-json\/wp\/v2\/pages\/208\/revisions"}],"predecessor-version":[{"id":2643,"href":"https:\/\/solucol.com\/index.php\/wp-json\/wp\/v2\/pages\/208\/revisions\/2643"}],"wp:attachment":[{"href":"https:\/\/solucol.com\/index.php\/wp-json\/wp\/v2\/media?parent=208"}],"curies":[{"name":"wp","href":"https:\/\/api.w.org\/{rel}","templated":true}]}}